{"id":1,"date":"2019-02-21T14:47:08","date_gmt":"2019-02-21T14:47:08","guid":{"rendered":"https:\/\/montreuilgourmand.fr\/?page_id=1"},"modified":"2026-04-03T10:14:49","modified_gmt":"2026-04-03T10:14:49","slug":"home","status":"publish","type":"page","link":"https:\/\/montreuilgourmand.fr\/","title":{"rendered":"Home"},"content":{"rendered":"<h2>Nos services<\/h2>\n<ul>\n<li>\n<p>        <img decoding=\"async\" src=\"\/wp-content\/uploads\/2025\/11\/Logo-la-cave-RVB-scaled.jpg\" alt=\"\"><\/p>\n<div>Restaurant<\/div>\n<p>La CaVe Restaurant<\/p>\n<p><a href=\"https:\/\/linktr.ee\/lacave_montreuil\">D\u00e9couvrir<\/a><\/p>\n<\/li>\n<li>\n<p>        <img decoding=\"async\" src=\"\/wp-content\/uploads\/2025\/11\/logo_un_brin_damour.jpg\" alt=\"\"><\/p>\n<div>Fromagerie<\/div>\n<p>Un Brin d&#8217;Amour<\/p>\n<p><a href=\"https:\/\/www.ollca.com\/paris\/boutiques\/fromagerie-un-brin-d-amour\">D\u00e9couvrir<\/a><\/p>\n<\/li>\n<li>\n<p>        <img decoding=\"async\" src=\"\/wp-content\/uploads\/2025\/11\/gamme-traiteur-montreuil-ok.png\" alt=\"\"><\/p>\n<div>Traiteur<\/div>\n<p>La CaVe Traiteur<\/p>\n<p><a href=\"\/wp-content\/uploads\/2026\/04\/book-cocktail-montreuil-traiteur.pdf\">D\u00e9couvrir<\/a><\/p>\n<\/li>\n<li>\n<p>        <img decoding=\"async\" src=\"\/wp-content\/uploads\/2026\/04\/582992-1.jpg\" alt=\"\"><\/p>\n<div>Privatiser<\/div>\n<p>nos espaces pour vos s\u00e9minaires et afterwork &#8211; \u00e0 partir de 10\u20ac par personne<\/p>\n<p><a href=\"https:\/\/www.privateaser.com\/lieu\/4432-la-cave-montreuil\">D\u00e9couvrir<\/a><\/p>\n<\/li>\n<\/ul>\n<h3>Suivez-nous<\/h3>\n<ul>\n<li><a href=\"https:\/\/twitter.com\/\">twitter<\/a>\n<\/li>\n<li><a href=\"https:\/\/facebook.com\/\">facebook<\/a>\n<\/li>\n<li><a href=\"https:\/\/www.linkedin.com\/\">linkedin<\/a>\n<\/li>\n<\/ul>\n<p><!--more--><br \/>\n<!-- {\"type\":\"layout\",\"children\":[{\"name\":\"Hero\",\"type\":\"section\",\"props\":{\"height\":\"viewport\",\"height_viewport\":80,\"height_viewport_offset\":true,\"image\":\"wp-content\/uploads\/yootheme\/home-hero.svg\",\"image_effect\":\"parallax\",\"image_loading\":true,\"image_parallax_bgy\":\"70,0\",\"image_parallax_breakpoint\":\"m\",\"image_parallax_easing\":\"1\",\"image_position\":\"bottom-right\",\"image_size\":\"contain\",\"media_visibility\":\"s\",\"overlap\":false,\"padding_bottom\":\"large\",\"padding_top\":\"large\",\"status\":\"disabled\",\"style\":\"default\",\"title_breakpoint\":\"xl\",\"title_position\":\"top-left\",\"title_rotation\":\"left\",\"vertical_align\":\"middle\",\"width\":\"default\"},\"children\":[{\"type\":\"row\",\"props\":{\"column_gap\":\"small\",\"divider\":false,\"margin_bottom\":\"large\",\"margin_top\":\"large\",\"row_gap\":\"small\",\"width\":\"expand\"},\"children\":[{\"type\":\"column\",\"props\":{\"image_position\":\"center-center\",\"image_size\":\"cover\",\"position_sticky_breakpoint\":\"m\",\"width_medium\":\"1-1\"},\"children\":[{\"type\":\"headline\",\"props\":{\"animation\":\"parallax\",\"content\":\"2017\",\"image_align\":\"left\",\"image_margin\":\"xsmall\",\"margin_bottom\":\"remove\",\"margin_top\":\"remove\",\"parallax_breakpoint\":\"s\",\"parallax_easing\":\"1\",\"parallax_y\":\"0,-50\",\"text_align\":\"left\",\"title_color\":\"primary\",\"title_element\":\"div\",\"title_style\":\"h1\"}},{\"type\":\"headline\",\"props\":{\"animation\":\"parallax\",\"content\":\"Summer Collection\",\"image_align\":\"left\",\"image_margin\":\"xsmall\",\"margin_bottom\":\"small\",\"margin_top\":\"small\",\"maxwidth\":\"large\",\"parallax_breakpoint\":\"s\",\"parallax_easing\":\"1\",\"parallax_y\":\"0,-50\",\"text_align\":\"left\",\"title_element\":\"h1\",\"title_style\":\"heading-medium\"}},{\"type\":\"text\",\"props\":{\"animation\":\"parallax\",\"column_breakpoint\":\"m\",\"content\":\"Lorem ipsum dolor sit amet, elit consectetur adipisicing, sed do eiusmod tempor incididunt.\",\"margin_bottom\":\"medium\",\"margin_top\":\"medium\",\"maxwidth\":\"medium\",\"parallax_breakpoint\":\"s\",\"parallax_easing\":\"1\",\"parallax_y\":\"0,-50\",\"text_align\":\"left\",\"text_style\":\"lead\"}},{\"type\":\"button\",\"props\":{\"animation\":\"parallax\",\"button_size\":\"large\",\"grid_column_gap\":\"small\",\"grid_row_gap\":\"small\",\"margin_bottom\":\"default\",\"margin_top\":\"default\",\"parallax_breakpoint\":\"s\",\"parallax_easing\":\"1\",\"parallax_y\":\"0,-50\"},\"children\":[{\"type\":\"button_item\",\"props\":{\"button_style\":\"default\",\"content\":\"Browse catalog\",\"dialog_layout\":\"modal\",\"dialog_offcanvas_flip\":true,\"icon_align\":\"left\",\"link\":\"?page_id=2\"}}]}]}]}]},{\"name\":\"Featured Projects\",\"type\":\"section\",\"props\":{\"animation\":\"fade\",\"image_position\":\"center-center\",\"image_size\":\"cover\",\"padding_bottom\":\"large\",\"padding_top\":\"large\",\"style\":\"default\",\"title_breakpoint\":\"xl\",\"title_position\":\"top-left\",\"title_rotation\":\"left\",\"vertical_align\":\"\",\"width\":\"default\"},\"children\":[{\"type\":\"row\",\"props\":{\"column_gap\":\"medium\",\"row_gap\":\"medium\"},\"children\":[{\"type\":\"column\",\"props\":{\"image_position\":\"center-center\",\"position_sticky_breakpoint\":\"m\",\"vertical_align\":\"middle\",\"width_medium\":\"1-1\"},\"children\":[{\"type\":\"headline\",\"props\":{\"animation\":\"parallax\",\"content\":\"Nos services\",\"image_align\":\"left\",\"image_margin\":\"xsmall\",\"parallax_breakpoint\":\"m\",\"parallax_easing\":\"1\",\"parallax_y\":\"0,-50\",\"text_align\":\"center\",\"title_element\":\"h2\",\"title_style\":\"heading-small\"}},{\"type\":\"grid\",\"props\":{\"content_column_breakpoint\":\"m\",\"filter_align\":\"left\",\"filter_all\":true,\"filter_grid_breakpoint\":\"m\",\"filter_grid_width\":\"auto\",\"filter_position\":\"top\",\"filter_style\":\"tab\",\"grid_default\":\"1\",\"grid_medium\":\"4\",\"grid_parallax_justify\":false,\"grid_row_align\":false,\"grid_small\":\"2\",\"image_align\":\"top\",\"image_grid_breakpoint\":\"m\",\"image_grid_width\":\"1-2\",\"image_link\":true,\"image_svg_color\":\"emphasis\",\"image_width\":\"610\",\"item_animation\":true,\"lightbox_bg_close\":true,\"link_style\":\"default\",\"link_target\":true,\"link_text\":\"\",\"margin_bottom\":\"default\",\"margin_top\":\"default\",\"meta_align\":\"below-title\",\"meta_color\":\"muted\",\"meta_element\":\"div\",\"meta_margin\":\"remove\",\"meta_style\":\"\",\"panel_link\":true,\"parallax_easing\":\"1\",\"show_content\":true,\"show_hover_image\":true,\"show_hover_video\":true,\"show_image\":true,\"show_link\":true,\"show_meta\":true,\"show_title\":true,\"show_video\":true,\"text_align\":\"center\",\"text_align_breakpoint\":\"s\",\"text_align_fallback\":\"center\",\"title_align\":\"top\",\"title_element\":\"div\",\"title_grid_breakpoint\":\"m\",\"title_grid_width\":\"1-2\",\"title_hover_style\":\"reset\",\"title_link\":false,\"title_style\":\"h4\"},\"children\":[{\"type\":\"grid_item\",\"props\":{\"image\":\"wp-content\/uploads\/2025\/11\/Logo-la-cave-RVB-scaled.jpg\",\"link\":\"https:\/\/linktr.ee\/lacave_montreuil\",\"link_text\":\"D\u00e9couvrir\",\"meta\":\"La CaVe Restaurant\",\"title\":\"Restaurant\"}},{\"type\":\"grid_item\",\"props\":{\"image\":\"wp-content\/uploads\/2025\/11\/logo_un_brin_damour.jpg\",\"link\":\"https:\/\/www.ollca.com\/paris\/boutiques\/fromagerie-un-brin-d-amour\",\"link_text\":\"D\u00e9couvrir\",\"meta\":\"Un Brin d'Amour\",\"title\":\"Fromagerie\"}},{\"type\":\"grid_item\",\"props\":{\"image\":\"wp-content\/uploads\/2025\/11\/gamme-traiteur-montreuil-ok.png\",\"link\":\"wp-content\/uploads\/2026\/04\/book-cocktail-montreuil-traiteur.pdf\",\"link_text\":\"D\u00e9couvrir\",\"meta\":\"La CaVe Traiteur\",\"title\":\"Traiteur\"}},{\"type\":\"grid_item\",\"props\":{\"content\":\"\",\"image\":\"wp-content\/uploads\/2026\/04\/582992-1.jpg\",\"link\":\"https:\/\/www.privateaser.com\/lieu\/4432-la-cave-montreuil\",\"link_text\":\"D\u00e9couvrir\",\"meta\":\"nos espaces pour vos s\u00e9minaires et afterwork - \u00e0 partir de 10\u20ac par personne\",\"title\":\"Privatiser\"}}]}]}]}]},{\"name\":\"Call to Action\",\"type\":\"section\",\"props\":{\"animation\":\"slide-top-small\",\"class\":\"uk-grid-margin-small\",\"height_viewport\":false,\"image_position\":\"center-center\",\"image_size\":\"cover\",\"padding_bottom\":\"none\",\"padding_top\":\"none\",\"status\":\"disabled\",\"style\":\"default\",\"title_breakpoint\":\"xl\",\"title_position\":\"top-left\",\"title_rotation\":\"left\",\"vertical_align\":\"\",\"width\":\"\"},\"children\":[{\"type\":\"row\",\"props\":{\"column_gap\":\"small\",\"layout\":\"1-2,1-2\",\"margin_bottom\":\"small\",\"margin_top\":\"small\",\"row_gap\":\"small\"},\"children\":[{\"type\":\"column\",\"props\":{\"image\":\"wp-content\/uploads\/yootheme\/home-info-discount.png\",\"image_height\":\"470\",\"image_position\":\"top-right\",\"image_size\":\"contain\",\"image_width\":\"600\",\"media_visibility\":\"s\",\"padding\":\"large\",\"position_sticky_breakpoint\":\"m\",\"preserve_color\":true,\"style\":\"tile-muted\",\"width_medium\":\"1-2\"},\"children\":[{\"type\":\"newsletter\",\"props\":{\"animation\":\"parallax\",\"block_align\":\"center\",\"button_icon\":\"mail\",\"button_mode\":\"icon\",\"button_style\":\"primary\",\"cmonitor\":{\"client_id\":\"\",\"list_id\":\"\"},\"form_size\":\"large\",\"gap\":\"small\",\"label_button\":\"Subscribe\",\"label_email\":\"Enter your email address\",\"label_first_name\":\"\",\"label_last_name\":\"\",\"layout\":\"grid\",\"mailchimp\":{\"client_id\":\"\",\"list_id\":\"\"},\"margin_bottom\":\"default\",\"margin_top\":\"default\",\"maxwidth\":\"2xlarge\",\"parallax_breakpoint\":\"m\",\"parallax_easing\":\"1\",\"parallax_y\":\"110,80\",\"provider\":{\"name\":\"mailchimp\",\"after_submit\":\"message\",\"message\":\"Thank you for subscribing!\",\"redirect\":\"\"},\"show_name\":false}},{\"type\":\"headline\",\"props\":{\"animation\":\"parallax\",\"block_align\":\"center\",\"content\":\"Get a 10% discount\",\"image_align\":\"left\",\"image_margin\":\"xsmall\",\"margin_bottom\":\"remove\",\"margin_top\":\"remove\",\"maxwidth\":\"2xlarge\",\"parallax_breakpoint\":\"m\",\"parallax_easing\":\"1\",\"parallax_y\":\"110,80\",\"title_element\":\"h2\",\"title_style\":\"h3\"}},{\"type\":\"text\",\"props\":{\"animation\":\"parallax\",\"block_align\":\"center\",\"column_breakpoint\":\"m\",\"content\":\"Subscribe now for news and offers\",\"margin_bottom\":\"remove\",\"margin_top\":\"remove\",\"maxwidth\":\"2xlarge\",\"parallax_breakpoint\":\"m\",\"parallax_easing\":\"1\",\"parallax_y\":\"110,80\"}}]},{\"type\":\"column\",\"props\":{\"image\":\"wp-content\/uploads\/yootheme\/home-info-faq.png\",\"image_height\":\"470\",\"image_position\":\"bottom-right\",\"image_size\":\"contain\",\"image_width\":\"800\",\"media_visibility\":\"s\",\"padding\":\"large\",\"position_sticky_breakpoint\":\"m\",\"preserve_color\":false,\"style\":\"tile-primary\",\"width_medium\":\"1-2\"},\"children\":[{\"type\":\"panel\",\"props\":{\"animation\":\"parallax\",\"block_align\":\"center\",\"content\":\"Read the frequently asked questions<br class=\\\"uk-visible@m\\\"> and find your answer. \",\"content_column_breakpoint\":\"m\",\"image\":\"\",\"image_align\":\"top\",\"image_grid_breakpoint\":\"m\",\"image_grid_width\":\"1-2\",\"image_svg_color\":\"emphasis\",\"link\":\"?page_id=8#FAQ\",\"link_style\":\"text\",\"link_text\":\"Read the FAQ\",\"margin_bottom\":\"remove\",\"margin_top\":\"remove\",\"maxwidth\":\"2xlarge\",\"meta\":\"\",\"meta_align\":\"below-title\",\"meta_element\":\"div\",\"meta_style\":\"\",\"parallax_breakpoint\":\"m\",\"parallax_easing\":\"1\",\"parallax_y\":\"30,0\",\"text_align\":\"left\",\"title\":\"Got Questions?\",\"title_align\":\"top\",\"title_element\":\"h2\",\"title_grid_breakpoint\":\"m\",\"title_grid_width\":\"1-2\",\"title_hover_style\":\"reset\",\"title_style\":\"h3\"}}]}]}]},{\"name\":\"Footer\",\"type\":\"section\",\"props\":{\"image_position\":\"center-center\",\"padding_bottom\":\"large\",\"padding_top\":\"large\",\"style\":\"default\",\"title_breakpoint\":\"xl\",\"title_position\":\"top-left\",\"title_rotation\":\"left\",\"vertical_align\":\"\",\"width\":\"default\"},\"children\":[{\"type\":\"row\",\"props\":{\"divider\":false,\"layout\":\"1-4,1-4,1-4,1-4|1-2,1-2,1-2,1-2\",\"row_gap\":\"large\"},\"children\":[{\"type\":\"column\",\"props\":{\"image_position\":\"center-center\",\"position_sticky_breakpoint\":\"m\",\"width_default\":\"1-2\",\"width_medium\":\"1-4\"}},{\"type\":\"column\",\"props\":{\"image_position\":\"center-center\",\"position_sticky_breakpoint\":\"m\",\"width_default\":\"1-2\",\"width_medium\":\"1-4\"}},{\"type\":\"column\",\"props\":{\"image_position\":\"center-center\",\"position_sticky_breakpoint\":\"m\",\"width_default\":\"1-2\",\"width_medium\":\"1-4\"}},{\"type\":\"column\",\"props\":{\"image_position\":\"center-center\",\"position_sticky_breakpoint\":\"m\",\"width_default\":\"1-2\",\"width_medium\":\"1-4\"},\"children\":[{\"type\":\"headline\",\"props\":{\"content\":\"Suivez-nous\",\"image_align\":\"left\",\"image_margin\":\"xsmall\",\"title_element\":\"h3\",\"title_style\":\"h5\"}},{\"type\":\"social\",\"props\":{\"grid\":\"horizontal\",\"grid_column_gap\":\"small\",\"grid_row_gap\":\"small\",\"image_svg_inline\":true,\"link_style\":\"button\",\"link_target\":true,\"margin_bottom\":\"default\",\"margin_top\":\"default\"},\"children\":[{\"type\":\"social_item\",\"props\":{\"link\":\"https:\/\/twitter.com\/\"}},{\"type\":\"social_item\",\"props\":{\"link\":\"https:\/\/facebook.com\/\"}},{\"type\":\"social_item\",\"props\":{\"link\":\"https:\/\/www.linkedin.com\/\"}}]}]}]}]}],\"version\":\"5.0.24\"} --><\/p>\n","protected":false},"excerpt":{"rendered":"<p>Nos services Restaurant La CaVe Restaurant D\u00e9couvrir Fromagerie Un Brin d&#8217;Amour D\u00e9couvrir Traiteur La CaVe Traiteur D\u00e9couvrir Privatiser nos espaces pour vos s\u00e9minaires et afterwork &#8211; \u00e0 partir de 10\u20ac par personne D\u00e9couvrir Suivez-nous twitter facebook linkedin<\/p>\n","protected":false},"author":1,"featured_media":0,"parent":0,"menu_order":2,"comment_status":"closed","ping_status":"closed","template":"","meta":{"_acf_changed":false,"footnotes":""},"class_list":["post-1","page","type-page","status-publish","hentry"],"acf":[],"_links":{"self":[{"href":"https:\/\/montreuilgourmand.fr\/index.php?rest_route=\/wp\/v2\/pages\/1","targetHints":{"allow":["GET"]}}],"collection":[{"href":"https:\/\/montreuilgourmand.fr\/index.php?rest_route=\/wp\/v2\/pages"}],"about":[{"href":"https:\/\/montreuilgourmand.fr\/index.php?rest_route=\/wp\/v2\/types\/page"}],"author":[{"embeddable":true,"href":"https:\/\/montreuilgourmand.fr\/index.php?rest_route=\/wp\/v2\/users\/1"}],"replies":[{"embeddable":true,"href":"https:\/\/montreuilgourmand.fr\/index.php?rest_route=%2Fwp%2Fv2%2Fcomments&post=1"}],"version-history":[{"count":21,"href":"https:\/\/montreuilgourmand.fr\/index.php?rest_route=\/wp\/v2\/pages\/1\/revisions"}],"predecessor-version":[{"id":2144,"href":"https:\/\/montreuilgourmand.fr\/index.php?rest_route=\/wp\/v2\/pages\/1\/revisions\/2144"}],"wp:attachment":[{"href":"https:\/\/montreuilgourmand.fr\/index.php?rest_route=%2Fwp%2Fv2%2Fmedia&parent=1"}],"curies":[{"name":"wp","href":"https:\/\/api.w.org\/{rel}","templated":true}]}}